{"id":3226,"date":"2015-04-20T15:18:03","date_gmt":"2015-04-20T19:48:03","guid":{"rendered":"https:\/\/hablandodeti.com\/blog\/?page_id=3226"},"modified":"2023-01-18T23:17:50","modified_gmt":"2023-01-19T03:47:50","slug":"inicio","status":"publish","type":"page","link":"https:\/\/hablandodeti.com\/blog\/inicio\/","title":{"rendered":"Inicio"},"content":{"rendered":"<p>[et_pb_section fb_built=\u00bb1&#8243; _builder_version=\u00bb4.16&#8243; global_colors_info=\u00bb{}\u00bb][et_pb_row _builder_version=\u00bb4.16&#8243; background_size=\u00bbinitial\u00bb background_position=\u00bbtop_left\u00bb background_repeat=\u00bbrepeat\u00bb global_colors_info=\u00bb{}\u00bb column_structure=\u00bb3_5,1_5,1_5&#8243;][et_pb_column type=\u00bb3_5&#8243; _builder_version=\u00bb4.16&#8243; custom_padding=\u00bb|||\u00bb global_colors_info=\u00bb{}\u00bb custom_padding__hover=\u00bb|||\u00bb][et_pb_text _builder_version=\u00bb4.19.4&#8243; background_size=\u00bbinitial\u00bb background_position=\u00bbtop_left\u00bb background_repeat=\u00bbrepeat\u00bb hover_enabled=\u00bb0&#8243; global_colors_info=\u00bb{}\u00bb sticky_enabled=\u00bb0&#8243;]<\/p>\n<p><!--themify_builder_static-->efweffqfr<!--\/themify_builder_static--><\/p>\n<p>[\/et_pb_text][et_pb_text _builder_version=\u00bb4.19.4&#8243; background_size=\u00bbinitial\u00bb background_position=\u00bbtop_left\u00bb background_repeat=\u00bbrepeat\u00bb hover_enabled=\u00bb0&#8243; global_colors_info=\u00bb{}\u00bb sticky_enabled=\u00bb0&#8243;]<\/p>\n<p><!--themify_builder_static-->dwfqffr fvegefsddsd\u00a0<!--\/themify_builder_static--><\/p>\n<p>ergegggr<\/p>\n<p>[\/et_pb_text][\/et_pb_column][et_pb_column type=\u00bb1_5&#8243; _builder_version=\u00bb4.16&#8243; custom_padding=\u00bb|||\u00bb global_colors_info=\u00bb{}\u00bb custom_padding__hover=\u00bb|||\u00bb][et_pb_post_slider _builder_version=\u00bb4.19.4&#8243; _module_preset=\u00bbdefault\u00bb include_categories=\u00bball\u00bb hover_enabled=\u00bb0&#8243; sticky_enabled=\u00bb0&#8243;][\/et_pb_post_slider][\/et_pb_column][et_pb_column type=\u00bb1_5&#8243; _builder_version=\u00bb4.16&#8243; custom_padding=\u00bb|||\u00bb global_colors_info=\u00bb{}\u00bb custom_padding__hover=\u00bb|||\u00bb][\/et_pb_column][\/et_pb_row][\/et_pb_section]<\/p>\n","protected":false},"excerpt":{"rendered":"<p>[et_pb_section fb_built=\u00bb1&#8243; _builder_version=\u00bb4.16&#8243; global_colors_info=\u00bb{}\u00bb][et_pb_row _builder_version=\u00bb4.16&#8243; background_size=\u00bbinitial\u00bb background_position=\u00bbtop_left\u00bb background_repeat=\u00bbrepeat\u00bb global_colors_info=\u00bb{}\u00bb column_structure=\u00bb3_5,1_5,1_5&#8243;][et_pb_column type=\u00bb3_5&#8243; _builder_version=\u00bb4.16&#8243; custom_padding=\u00bb|||\u00bb global_colors_info=\u00bb{}\u00bb custom_padding__hover=\u00bb|||\u00bb][et_pb_text _builder_version=\u00bb4.19.4&#8243; background_size=\u00bbinitial\u00bb background_position=\u00bbtop_left\u00bb background_repeat=\u00bbrepeat\u00bb hover_enabled=\u00bb0&#8243; global_colors_info=\u00bb{}\u00bb sticky_enabled=\u00bb0&#8243;] efweffqfr [\/et_pb_text][et_pb_text _builder_version=\u00bb4.19.4&#8243; background_size=\u00bbinitial\u00bb background_position=\u00bbtop_left\u00bb background_repeat=\u00bbrepeat\u00bb hover_enabled=\u00bb0&#8243; global_colors_info=\u00bb{}\u00bb sticky_enabled=\u00bb0&#8243;] dwfqffr fvegefsddsd\u00a0 ergegggr [\/et_pb_text][\/et_pb_column][et_pb_column type=\u00bb1_5&#8243; _builder_version=\u00bb4.16&#8243; custom_padding=\u00bb|||\u00bb global_colors_info=\u00bb{}\u00bb custom_padding__hover=\u00bb|||\u00bb][et_pb_post_slider _builder_version=\u00bb4.19.4&#8243; _module_preset=\u00bbdefault\u00bb include_categories=\u00bball\u00bb hover_enabled=\u00bb0&#8243; sticky_enabled=\u00bb0&#8243;][\/et_pb_post_slider][\/et_pb_column][et_pb_column type=\u00bb1_5&#8243; _builder_version=\u00bb4.16&#8243; custom_padding=\u00bb|||\u00bb global_colors_info=\u00bb{}\u00bb custom_padding__hover=\u00bb|||\u00bb][\/et_pb_column][\/et_pb_row][\/et_pb_section]<\/p>\n","protected":false},"author":1,"featured_media":0,"parent":0,"menu_order":0,"comment_status":"open","ping_status":"open","template":"","meta":{"footnotes":""},"class_list":["post-3226","page","type-page","status-publish","hentry"],"yoast_head":"<!-- This site is optimized with the Yoast SEO plugin v27.5 - https:\/\/yoast.com\/product\/yoast-seo-wordpress\/ -->\n<title>Inicio - Hablando de TI<\/title>\n<meta name=\"robots\" content=\"index, follow, max-snippet:-1, max-image-preview:large, max-video-preview:-1\" \/>\n<link rel=\"canonical\" href=\"https:\/\/hablandodeti.com\/blog\/inicio\/\" \/>\n<meta property=\"og:locale\" content=\"es_ES\" \/>\n<meta property=\"og:type\" content=\"article\" \/>\n<meta property=\"og:title\" content=\"Inicio - Hablando de TI\" \/>\n<meta property=\"og:description\" content=\"[et_pb_section fb_built=\u00bb1&#8243; _builder_version=\u00bb4.16&#8243; global_colors_info=\u00bb{}\u00bb][et_pb_row _builder_version=\u00bb4.16&#8243; background_size=\u00bbinitial\u00bb background_position=\u00bbtop_left\u00bb background_repeat=\u00bbrepeat\u00bb global_colors_info=\u00bb{}\u00bb column_structure=\u00bb3_5,1_5,1_5&#8243;][et_pb_column type=\u00bb3_5&#8243; _builder_version=\u00bb4.16&#8243; custom_padding=\u00bb|||\u00bb global_colors_info=\u00bb{}\u00bb custom_padding__hover=\u00bb|||\u00bb][et_pb_text _builder_version=\u00bb4.19.4&#8243; background_size=\u00bbinitial\u00bb background_position=\u00bbtop_left\u00bb background_repeat=\u00bbrepeat\u00bb hover_enabled=\u00bb0&#8243; global_colors_info=\u00bb{}\u00bb sticky_enabled=\u00bb0&#8243;] efweffqfr [\/et_pb_text][et_pb_text _builder_version=\u00bb4.19.4&#8243; background_size=\u00bbinitial\u00bb background_position=\u00bbtop_left\u00bb background_repeat=\u00bbrepeat\u00bb hover_enabled=\u00bb0&#8243; global_colors_info=\u00bb{}\u00bb sticky_enabled=\u00bb0&#8243;] dwfqffr fvegefsddsd\u00a0 ergegggr [\/et_pb_text][\/et_pb_column][et_pb_column type=\u00bb1_5&#8243; _builder_version=\u00bb4.16&#8243; custom_padding=\u00bb|||\u00bb global_colors_info=\u00bb{}\u00bb custom_padding__hover=\u00bb|||\u00bb][et_pb_post_slider _builder_version=\u00bb4.19.4&#8243; _module_preset=\u00bbdefault\u00bb include_categories=\u00bball\u00bb hover_enabled=\u00bb0&#8243; sticky_enabled=\u00bb0&#8243;][\/et_pb_post_slider][\/et_pb_column][et_pb_column type=\u00bb1_5&#8243; _builder_version=\u00bb4.16&#8243; custom_padding=\u00bb|||\u00bb global_colors_info=\u00bb{}\u00bb custom_padding__hover=\u00bb|||\u00bb][\/et_pb_column][\/et_pb_row][\/et_pb_section]\" \/>\n<meta property=\"og:url\" content=\"https:\/\/hablandodeti.com\/blog\/inicio\/\" \/>\n<meta property=\"og:site_name\" content=\"Hablando de TI\" \/>\n<meta property=\"article:modified_time\" content=\"2023-01-19T03:47:50+00:00\" \/>\n<meta name=\"twitter:card\" content=\"summary_large_image\" \/>\n<meta name=\"twitter:site\" content=\"@aleon1969\" \/>\n<meta name=\"twitter:label1\" content=\"Tiempo de lectura\" \/>\n\t<meta name=\"twitter:data1\" content=\"1 minuto\" \/>\n<script type=\"application\/ld+json\" class=\"yoast-schema-graph\">{\"@context\":\"https:\\\/\\\/schema.org\",\"@graph\":[{\"@type\":\"WebPage\",\"@id\":\"https:\\\/\\\/hablandodeti.com\\\/blog\\\/inicio\\\/\",\"url\":\"https:\\\/\\\/hablandodeti.com\\\/blog\\\/inicio\\\/\",\"name\":\"Inicio - Hablando de TI\",\"isPartOf\":{\"@id\":\"https:\\\/\\\/hablandodeti.com\\\/blog\\\/#website\"},\"datePublished\":\"2015-04-20T19:48:03+00:00\",\"dateModified\":\"2023-01-19T03:47:50+00:00\",\"breadcrumb\":{\"@id\":\"https:\\\/\\\/hablandodeti.com\\\/blog\\\/inicio\\\/#breadcrumb\"},\"inLanguage\":\"es\",\"potentialAction\":[{\"@type\":\"ReadAction\",\"target\":[\"https:\\\/\\\/hablandodeti.com\\\/blog\\\/inicio\\\/\"]}]},{\"@type\":\"BreadcrumbList\",\"@id\":\"https:\\\/\\\/hablandodeti.com\\\/blog\\\/inicio\\\/#breadcrumb\",\"itemListElement\":[{\"@type\":\"ListItem\",\"position\":1,\"name\":\"Portada\",\"item\":\"https:\\\/\\\/hablandodeti.com\\\/blog\\\/\"},{\"@type\":\"ListItem\",\"position\":2,\"name\":\"Inicio\"}]},{\"@type\":\"WebSite\",\"@id\":\"https:\\\/\\\/hablandodeti.com\\\/blog\\\/#website\",\"url\":\"https:\\\/\\\/hablandodeti.com\\\/blog\\\/\",\"name\":\"Hablando de TI\",\"description\":\"Apuntes de Vida y Tecnolog\u00eda\",\"publisher\":{\"@id\":\"https:\\\/\\\/hablandodeti.com\\\/blog\\\/#\\\/schema\\\/person\\\/cb9eb914c41b9aa527560547ed3a81b2\"},\"potentialAction\":[{\"@type\":\"SearchAction\",\"target\":{\"@type\":\"EntryPoint\",\"urlTemplate\":\"https:\\\/\\\/hablandodeti.com\\\/blog\\\/?s={search_term_string}\"},\"query-input\":{\"@type\":\"PropertyValueSpecification\",\"valueRequired\":true,\"valueName\":\"search_term_string\"}}],\"inLanguage\":\"es\"},{\"@type\":[\"Person\",\"Organization\"],\"@id\":\"https:\\\/\\\/hablandodeti.com\\\/blog\\\/#\\\/schema\\\/person\\\/cb9eb914c41b9aa527560547ed3a81b2\",\"name\":\"Alcides Le\u00f3n\",\"image\":{\"@type\":\"ImageObject\",\"inLanguage\":\"es\",\"@id\":\"https:\\\/\\\/i0.wp.com\\\/hablandodeti.com\\\/blog\\\/wp-content\\\/uploads\\\/2023\\\/01\\\/bannerhdti-long.png?fit=969%2C124&ssl=1\",\"url\":\"https:\\\/\\\/i0.wp.com\\\/hablandodeti.com\\\/blog\\\/wp-content\\\/uploads\\\/2023\\\/01\\\/bannerhdti-long.png?fit=969%2C124&ssl=1\",\"contentUrl\":\"https:\\\/\\\/i0.wp.com\\\/hablandodeti.com\\\/blog\\\/wp-content\\\/uploads\\\/2023\\\/01\\\/bannerhdti-long.png?fit=969%2C124&ssl=1\",\"width\":969,\"height\":124,\"caption\":\"Alcides Le\u00f3n\"},\"logo\":{\"@id\":\"https:\\\/\\\/i0.wp.com\\\/hablandodeti.com\\\/blog\\\/wp-content\\\/uploads\\\/2023\\\/01\\\/bannerhdti-long.png?fit=969%2C124&ssl=1\"},\"description\":\"Ingeniero en Computaci\u00f3n, Comunicador especializado en tecnolog\u00eda, Blogger, Asesor en SocialMedia, Venezolano y Latinaom\u00e9ricano\",\"sameAs\":[\"https:\\\/\\\/www.instagram.com\\\/aleon1969\",\"https:\\\/\\\/x.com\\\/https:\\\/\\\/www.twitter.com\\\/aleon1969\"]}]}<\/script>\n<!-- \/ Yoast SEO plugin. -->","yoast_head_json":{"title":"Inicio - Hablando de TI","robots":{"index":"index","follow":"follow","max-snippet":"max-snippet:-1","max-image-preview":"max-image-preview:large","max-video-preview":"max-video-preview:-1"},"canonical":"https:\/\/hablandodeti.com\/blog\/inicio\/","og_locale":"es_ES","og_type":"article","og_title":"Inicio - Hablando de TI","og_description":"[et_pb_section fb_built=\u00bb1&#8243; _builder_version=\u00bb4.16&#8243; global_colors_info=\u00bb{}\u00bb][et_pb_row _builder_version=\u00bb4.16&#8243; background_size=\u00bbinitial\u00bb background_position=\u00bbtop_left\u00bb background_repeat=\u00bbrepeat\u00bb global_colors_info=\u00bb{}\u00bb column_structure=\u00bb3_5,1_5,1_5&#8243;][et_pb_column type=\u00bb3_5&#8243; _builder_version=\u00bb4.16&#8243; custom_padding=\u00bb|||\u00bb global_colors_info=\u00bb{}\u00bb custom_padding__hover=\u00bb|||\u00bb][et_pb_text _builder_version=\u00bb4.19.4&#8243; background_size=\u00bbinitial\u00bb background_position=\u00bbtop_left\u00bb background_repeat=\u00bbrepeat\u00bb hover_enabled=\u00bb0&#8243; global_colors_info=\u00bb{}\u00bb sticky_enabled=\u00bb0&#8243;] efweffqfr [\/et_pb_text][et_pb_text _builder_version=\u00bb4.19.4&#8243; background_size=\u00bbinitial\u00bb background_position=\u00bbtop_left\u00bb background_repeat=\u00bbrepeat\u00bb hover_enabled=\u00bb0&#8243; global_colors_info=\u00bb{}\u00bb sticky_enabled=\u00bb0&#8243;] dwfqffr fvegefsddsd\u00a0 ergegggr [\/et_pb_text][\/et_pb_column][et_pb_column type=\u00bb1_5&#8243; _builder_version=\u00bb4.16&#8243; custom_padding=\u00bb|||\u00bb global_colors_info=\u00bb{}\u00bb custom_padding__hover=\u00bb|||\u00bb][et_pb_post_slider _builder_version=\u00bb4.19.4&#8243; _module_preset=\u00bbdefault\u00bb include_categories=\u00bball\u00bb hover_enabled=\u00bb0&#8243; sticky_enabled=\u00bb0&#8243;][\/et_pb_post_slider][\/et_pb_column][et_pb_column type=\u00bb1_5&#8243; _builder_version=\u00bb4.16&#8243; custom_padding=\u00bb|||\u00bb global_colors_info=\u00bb{}\u00bb custom_padding__hover=\u00bb|||\u00bb][\/et_pb_column][\/et_pb_row][\/et_pb_section]","og_url":"https:\/\/hablandodeti.com\/blog\/inicio\/","og_site_name":"Hablando de TI","article_modified_time":"2023-01-19T03:47:50+00:00","twitter_card":"summary_large_image","twitter_site":"@aleon1969","twitter_misc":{"Tiempo de lectura":"1 minuto"},"schema":{"@context":"https:\/\/schema.org","@graph":[{"@type":"WebPage","@id":"https:\/\/hablandodeti.com\/blog\/inicio\/","url":"https:\/\/hablandodeti.com\/blog\/inicio\/","name":"Inicio - Hablando de TI","isPartOf":{"@id":"https:\/\/hablandodeti.com\/blog\/#website"},"datePublished":"2015-04-20T19:48:03+00:00","dateModified":"2023-01-19T03:47:50+00:00","breadcrumb":{"@id":"https:\/\/hablandodeti.com\/blog\/inicio\/#breadcrumb"},"inLanguage":"es","potentialAction":[{"@type":"ReadAction","target":["https:\/\/hablandodeti.com\/blog\/inicio\/"]}]},{"@type":"BreadcrumbList","@id":"https:\/\/hablandodeti.com\/blog\/inicio\/#breadcrumb","itemListElement":[{"@type":"ListItem","position":1,"name":"Portada","item":"https:\/\/hablandodeti.com\/blog\/"},{"@type":"ListItem","position":2,"name":"Inicio"}]},{"@type":"WebSite","@id":"https:\/\/hablandodeti.com\/blog\/#website","url":"https:\/\/hablandodeti.com\/blog\/","name":"Hablando de TI","description":"Apuntes de Vida y Tecnolog\u00eda","publisher":{"@id":"https:\/\/hablandodeti.com\/blog\/#\/schema\/person\/cb9eb914c41b9aa527560547ed3a81b2"},"potentialAction":[{"@type":"SearchAction","target":{"@type":"EntryPoint","urlTemplate":"https:\/\/hablandodeti.com\/blog\/?s={search_term_string}"},"query-input":{"@type":"PropertyValueSpecification","valueRequired":true,"valueName":"search_term_string"}}],"inLanguage":"es"},{"@type":["Person","Organization"],"@id":"https:\/\/hablandodeti.com\/blog\/#\/schema\/person\/cb9eb914c41b9aa527560547ed3a81b2","name":"Alcides Le\u00f3n","image":{"@type":"ImageObject","inLanguage":"es","@id":"https:\/\/i0.wp.com\/hablandodeti.com\/blog\/wp-content\/uploads\/2023\/01\/bannerhdti-long.png?fit=969%2C124&ssl=1","url":"https:\/\/i0.wp.com\/hablandodeti.com\/blog\/wp-content\/uploads\/2023\/01\/bannerhdti-long.png?fit=969%2C124&ssl=1","contentUrl":"https:\/\/i0.wp.com\/hablandodeti.com\/blog\/wp-content\/uploads\/2023\/01\/bannerhdti-long.png?fit=969%2C124&ssl=1","width":969,"height":124,"caption":"Alcides Le\u00f3n"},"logo":{"@id":"https:\/\/i0.wp.com\/hablandodeti.com\/blog\/wp-content\/uploads\/2023\/01\/bannerhdti-long.png?fit=969%2C124&ssl=1"},"description":"Ingeniero en Computaci\u00f3n, Comunicador especializado en tecnolog\u00eda, Blogger, Asesor en SocialMedia, Venezolano y Latinaom\u00e9ricano","sameAs":["https:\/\/www.instagram.com\/aleon1969","https:\/\/x.com\/https:\/\/www.twitter.com\/aleon1969"]}]}},"_links":{"self":[{"href":"https:\/\/hablandodeti.com\/blog\/wp-json\/wp\/v2\/pages\/3226","targetHints":{"allow":["GET"]}}],"collection":[{"href":"https:\/\/hablandodeti.com\/blog\/wp-json\/wp\/v2\/pages"}],"about":[{"href":"https:\/\/hablandodeti.com\/blog\/wp-json\/wp\/v2\/types\/page"}],"author":[{"embeddable":true,"href":"https:\/\/hablandodeti.com\/blog\/wp-json\/wp\/v2\/users\/1"}],"replies":[{"embeddable":true,"href":"https:\/\/hablandodeti.com\/blog\/wp-json\/wp\/v2\/comments?post=3226"}],"version-history":[{"count":11,"href":"https:\/\/hablandodeti.com\/blog\/wp-json\/wp\/v2\/pages\/3226\/revisions"}],"predecessor-version":[{"id":3636,"href":"https:\/\/hablandodeti.com\/blog\/wp-json\/wp\/v2\/pages\/3226\/revisions\/3636"}],"wp:attachment":[{"href":"https:\/\/hablandodeti.com\/blog\/wp-json\/wp\/v2\/media?parent=3226"}],"curies":[{"name":"wp","href":"https:\/\/api.w.org\/{rel}","templated":true}]}}